{"id":2,"date":"2024-11-03T17:53:36","date_gmt":"2024-11-03T17:53:36","guid":{"rendered":"https:\/\/qrhunters.com\/?page_id=2"},"modified":"2025-02-11T18:18:10","modified_gmt":"2025-02-11T18:18:10","slug":"sample-page","status":"publish","type":"page","link":"https:\/\/qrhunters.com\/","title":{"rendered":"Inicio"},"content":{"rendered":"\t\t<div data-elementor-type=\"wp-page\" data-elementor-id=\"2\" class=\"elementor elementor-2\">\n\t\t\t\t<div class=\"elementor-element elementor-element-f9cc051 e-flex e-con-boxed e-con e-parent\" data-id=\"f9cc051\" data-element_type=\"container\" data-settings=\"{&quot;background_background&quot;:&quot;classic&quot;}\">\n\t\t\t\t\t<div class=\"e-con-inner\">\n\t\t\t\t<div class=\"elementor-element elementor-element-0b30526 elementor-widget elementor-widget-text-editor\" data-id=\"0b30526\" data-element_type=\"widget\" data-widget_type=\"text-editor.default\">\n\t\t\t\t<div class=\"elementor-widget-container\">\n\t\t\t\t\t\t\t\t\t<h2 style=\"text-align: center;\" data-start=\"0\" data-end=\"66\"><strong data-start=\"0\" data-end=\"64\">Convierte cada escaneo en una oportunidad para tu negocio <\/strong><strong data-start=\"0\" data-end=\"64\">\ud83d\udcf2 <\/strong><\/h2>\n<p style=\"text-align: center;\">\ud83d\udce2 <em data-start=\"402\" data-end=\"492\">\u00bfQuieres atraer m\u00e1s clientes y generar interacci\u00f3n real en tu evento o centro comercial?<\/em><\/p>\t\t\t\t\t\t\t\t<\/div>\n\t\t\t\t<\/div>\n\t\t\t\t\t<\/div>\n\t\t\t\t<\/div>\n\t\t<div class=\"elementor-element elementor-element-9477ab4 e-flex e-con-boxed e-con e-parent\" data-id=\"9477ab4\" data-element_type=\"container\">\n\t\t\t\t\t<div class=\"e-con-inner\">\n\t\t<div class=\"elementor-element elementor-element-537e581 e-con-full e-flex e-con e-child\" data-id=\"537e581\" data-element_type=\"container\" data-settings=\"{&quot;background_background&quot;:&quot;classic&quot;}\">\n\t\t\t\t<div class=\"elementor-element elementor-element-9474779 elementor-widget elementor-widget-text-editor\" data-id=\"9474779\" data-element_type=\"widget\" data-widget_type=\"text-editor.default\">\n\t\t\t\t<div class=\"elementor-widget-container\">\n\t\t\t\t\t\t\t\t\t<p style=\"text-align: center;\">En <strong data-start=\"71\" data-end=\"84\">QRHunters<\/strong>, transformamos simples <a href=\"\/\">c\u00f3digos QR<\/a> en <strong data-start=\"122\" data-end=\"151\">experiencias interactivas<\/strong> que aumentan el engagement, generan tr\u00e1fico y captan datos valiosos. Si buscas una forma <strong data-start=\"241\" data-end=\"263\">creativa y medible<\/strong> de conectar con tu p\u00fablico, nuestras campa\u00f1as convierten cada escaneo en una acci\u00f3n con impacto real.<\/p>\t\t\t\t\t\t\t\t<\/div>\n\t\t\t\t<\/div>\n\t\t\t\t<\/div>\n\t\t\t\t\t<\/div>\n\t\t\t\t<\/div>\n\t\t<div class=\"elementor-element elementor-element-d83bf1b e-flex e-con-boxed e-con e-parent\" data-id=\"d83bf1b\" data-element_type=\"container\" data-settings=\"{&quot;background_background&quot;:&quot;classic&quot;}\">\n\t\t\t\t\t<div class=\"e-con-inner\">\n\t\t<div class=\"elementor-element elementor-element-6521209 e-con-full e-flex e-con e-child\" data-id=\"6521209\" data-element_type=\"container\">\n\t\t\t\t<div class=\"elementor-element elementor-element-50b49a4 elementor-widget elementor-widget-image\" data-id=\"50b49a4\" data-element_type=\"widget\" data-widget_type=\"image.default\">\n\t\t\t\t<div class=\"elementor-widget-container\">\n\t\t\t\t\t\t\t\t\t\t\t\t\t\t\t<img fetchpriority=\"high\" decoding=\"async\" width=\"800\" height=\"800\" src=\"https:\/\/qrhunters.com\/wp-content\/uploads\/2024\/11\/qr-hunters-qr-campaing-with-people-trying-to-catc.jpg\" class=\"attachment-large size-large wp-image-16\" alt=\"Campa\u00f1as QR\" srcset=\"https:\/\/qrhunters.com\/wp-content\/uploads\/2024\/11\/qr-hunters-qr-campaing-with-people-trying-to-catc.jpg 1024w, https:\/\/qrhunters.com\/wp-content\/uploads\/2024\/11\/qr-hunters-qr-campaing-with-people-trying-to-catc-300x300.jpg 300w, https:\/\/qrhunters.com\/wp-content\/uploads\/2024\/11\/qr-hunters-qr-campaing-with-people-trying-to-catc-150x150.jpg 150w, https:\/\/qrhunters.com\/wp-content\/uploads\/2024\/11\/qr-hunters-qr-campaing-with-people-trying-to-catc-768x768.jpg 768w\" sizes=\"(max-width: 800px) 100vw, 800px\" \/>\t\t\t\t\t\t\t\t\t\t\t\t\t\t\t<\/div>\n\t\t\t\t<\/div>\n\t\t\t\t<\/div>\n\t\t\t\t<div class=\"elementor-element elementor-element-1c6b436 elementor-widget elementor-widget-text-editor\" data-id=\"1c6b436\" data-element_type=\"widget\" data-widget_type=\"text-editor.default\">\n\t\t\t\t<div class=\"elementor-widget-container\">\n\t\t\t\t\t\t\t\t\t<p><\/p>\n<div class=\"is-layout-flow wp-block-group-is-layout-flow\" style=\"padding: 2em;\">\n<p><\/p>\n<p style=\"font-size: 36px; line-height: 1.2;\"><strong>Campa\u00f1as de captaci\u00f3n o dinamizaci\u00f3n \u00abQR\u00bb<br \/><\/strong><\/p>\n<h2 style=\"font-size: 36px; line-height: 1.2;\"><strong>Transforma tus eventos en experiencias interactivas \u00fanicas<br \/><\/strong><\/h2>\n<p><\/p>\n<p class=\"has-extra-small-font-size\">Descubre c\u00f3mo <strong>QR Hunters<\/strong> convierte cualquier espacio en una aventura interactiva. Haz que tu p\u00fablico se conecte y participe activamente a trav\u00e9s de nuestras <strong>campa\u00f1as QR<\/strong> innovadoras y personalizadas.<\/p>\n<p class=\"has-extra-small-font-size\">El \u00e9xito de este tipo de campa\u00f1as de street marketing para conseguir objetivos genera visibilidad de marca y engament.<\/p>\n<\/div>\n<p><\/p>\n<p><\/p>\n<p><\/p>\t\t\t\t\t\t\t\t<\/div>\n\t\t\t\t<\/div>\n\t\t\t\t\t<\/div>\n\t\t\t\t<\/div>\n\t\t<div class=\"elementor-element elementor-element-6a8ba58 e-flex e-con-boxed e-con e-parent\" data-id=\"6a8ba58\" data-element_type=\"container\">\n\t\t\t\t\t<div class=\"e-con-inner\">\n\t\t<div class=\"elementor-element elementor-element-fef7174 e-con-full e-flex e-con e-child\" data-id=\"fef7174\" data-element_type=\"container\" data-settings=\"{&quot;background_background&quot;:&quot;classic&quot;}\">\n\t\t\t\t<div class=\"elementor-element elementor-element-7bb101d elementor-widget elementor-widget-text-editor\" data-id=\"7bb101d\" data-element_type=\"widget\" data-widget_type=\"text-editor.default\">\n\t\t\t\t<div class=\"elementor-widget-container\">\n\t\t\t\t\t\t\t\t\t<h2 style=\"text-align: center;\">\ud83c\udfaf <strong data-start=\"854\" data-end=\"884\">\u00bfQu\u00e9 podemos hacer por ti?<\/strong><\/h2>\n<p><br data-start=\"884\" data-end=\"887\" \/>\u2705 <strong data-start=\"889\" data-end=\"914\">Gincanas interactivas<\/strong> para aumentar la permanencia en el espacio y potenciar la participaci\u00f3n.<br data-start=\"987\" data-end=\"990\" \/>\u2705 <strong data-start=\"992\" data-end=\"1028\">Acciones comerciales gamificadas<\/strong> que incentivan la compra y fidelizaci\u00f3n.<br data-start=\"1069\" data-end=\"1072\" \/>\u2705 <strong data-start=\"1074\" data-end=\"1108\">Dinamizaci\u00f3n de eventos con QR<\/strong> para conectar con el p\u00fablico de manera innovadora.<br data-start=\"1159\" data-end=\"1162\" \/>\u2705 <strong data-start=\"1164\" data-end=\"1227\">Captaci\u00f3n de leads en centros comerciales, ferias o tiendas<\/strong> de forma natural y efectiva.<\/p>\t\t\t\t\t\t\t\t<\/div>\n\t\t\t\t<\/div>\n\t\t\t\t<\/div>\n\t\t\t\t<div class=\"elementor-element elementor-element-669e0e0 elementor-align-center elementor-widget elementor-widget-button\" data-id=\"669e0e0\" data-element_type=\"widget\" data-widget_type=\"button.default\">\n\t\t\t\t<div class=\"elementor-widget-container\">\n\t\t\t\t\t\t\t\t\t<div class=\"elementor-button-wrapper\">\n\t\t\t\t\t<a class=\"elementor-button elementor-button-link elementor-size-sm\" href=\"#form\">\n\t\t\t\t\t\t<span class=\"elementor-button-content-wrapper\">\n\t\t\t\t\t\t\t\t\t<span class=\"elementor-button-text\">CONTACTAR AHORA<\/span>\n\t\t\t\t\t<\/span>\n\t\t\t\t\t<\/a>\n\t\t\t\t<\/div>\n\t\t\t\t\t\t\t\t<\/div>\n\t\t\t\t<\/div>\n\t\t\t\t\t<\/div>\n\t\t\t\t<\/div>\n\t\t<div class=\"elementor-element elementor-element-c4dc35f e-flex e-con-boxed e-con e-parent\" data-id=\"c4dc35f\" data-element_type=\"container\" data-settings=\"{&quot;background_background&quot;:&quot;classic&quot;}\">\n\t\t\t\t\t<div class=\"e-con-inner\">\n\t\t<div class=\"elementor-element elementor-element-6f07aef e-con-full e-flex e-con e-child\" data-id=\"6f07aef\" data-element_type=\"container\">\n\t\t<div class=\"elementor-element elementor-element-78b5a6f e-con-full e-flex e-con e-child\" data-id=\"78b5a6f\" data-element_type=\"container\" data-settings=\"{&quot;background_background&quot;:&quot;classic&quot;}\">\n\t\t\t\t<div class=\"elementor-element elementor-element-8d5ae33 elementor-widget elementor-widget-text-editor\" data-id=\"8d5ae33\" data-element_type=\"widget\" data-widget_type=\"text-editor.default\">\n\t\t\t\t<div class=\"elementor-widget-container\">\n\t\t\t\t\t\t\t\t\t<h2 data-start=\"1260\" data-end=\"1616\">\ud83d\udca1 <strong data-start=\"1263\" data-end=\"1305\">Marketing con QR que genera resultados<\/strong><\/h2>\n<p data-start=\"1260\" data-end=\"1616\"><strong>Las campa\u00f1as con c\u00f3digos QR no son solo una moda, sino una estrategia potente para aumentar la interacci\u00f3n y el retorno de inversi\u00f3n. Llevamos a\u00f1os dise\u00f1ando experiencias inmersivas que combinan tecnolog\u00eda, creatividad y marketing para que tu marca se diferencie y conecte con el p\u00fablico local.<\/strong><\/p>\t\t\t\t\t\t\t\t<\/div>\n\t\t\t\t<\/div>\n\t\t\t\t<\/div>\n\t\t\t\t<\/div>\n\t\t\t\t\t<\/div>\n\t\t\t\t<\/div>\n\t\t<div class=\"elementor-element elementor-element-54af463 e-flex e-con-boxed e-con e-parent\" data-id=\"54af463\" data-element_type=\"container\" data-settings=\"{&quot;background_background&quot;:&quot;classic&quot;}\">\n\t\t\t\t\t<div class=\"e-con-inner\">\n\t\t<div class=\"elementor-element elementor-element-f87fe7f e-con-full e-flex e-con e-child\" data-id=\"f87fe7f\" data-element_type=\"container\">\n\t\t\t\t<div class=\"elementor-element elementor-element-612a2eb elementor-widget elementor-widget-text-editor\" data-id=\"612a2eb\" data-element_type=\"widget\" data-widget_type=\"text-editor.default\">\n\t\t\t\t<div class=\"elementor-widget-container\">\n\t\t\t\t\t\t\t\t\t<p data-start=\"1260\" data-end=\"1616\">\u00a0<\/p>\n<p data-start=\"1618\" data-end=\"1894\"><br data-start=\"1672\" data-end=\"1675\" \/>Hemos dise\u00f1ado <strong data-start=\"1690\" data-end=\"1721\">acciones de gincana digital<\/strong> en centros comerciales, eventos corporativos y campa\u00f1as promocionales que han generado miles de interacciones y conversiones. \u00a1D\u00e9janos llevar tu marca al siguiente nivel!<\/p>\n<p data-start=\"1896\" data-end=\"2066\">\ud83d\udd0d <strong data-start=\"1899\" data-end=\"1957\">\u00bfTe imaginas una experiencia a medida para tu negocio?<\/strong><br data-start=\"1957\" data-end=\"1960\" \/>Contacta con nosotros y descubre c\u00f3mo <strong data-start=\"1998\" data-end=\"2063\">una campa\u00f1a con QR bien dise\u00f1ada puede multiplicar tu impacto<\/strong>.<\/p>\n<p data-start=\"2068\" data-end=\"2153\">\ud83d\udc49 <strong data-start=\"2071\" data-end=\"2093\">Hablemos hoy mismo<\/strong> y dise\u00f1a tu pr\u00f3xima acci\u00f3n interactiva con <strong data-start=\"2137\" data-end=\"2150\">QRHunters<\/strong>.<\/p>\n<p data-start=\"2155\" data-end=\"2261\">\u00a0<\/p>\t\t\t\t\t\t\t\t<\/div>\n\t\t\t\t<\/div>\n\t\t\t\t<\/div>\n\t\t\t\t\t<\/div>\n\t\t\t\t<\/div>\n\t\t<div class=\"elementor-element elementor-element-7c62da4 e-flex e-con-boxed e-con e-parent\" data-id=\"7c62da4\" data-element_type=\"container\" data-settings=\"{&quot;background_background&quot;:&quot;classic&quot;}\">\n\t\t\t\t\t<div class=\"e-con-inner\">\n\t\t<div class=\"elementor-element elementor-element-a502ea2 e-con-full e-flex e-con e-child\" data-id=\"a502ea2\" data-element_type=\"container\">\n\t\t\t\t<div class=\"elementor-element elementor-element-7a029b7 elementor-align-left elementor-widget elementor-widget-button\" data-id=\"7a029b7\" data-element_type=\"widget\" data-widget_type=\"button.default\">\n\t\t\t\t<div class=\"elementor-widget-container\">\n\t\t\t\t\t\t\t\t\t<div class=\"elementor-button-wrapper\">\n\t\t\t\t\t<a class=\"elementor-button elementor-button-link elementor-size-sm\" href=\"#form\">\n\t\t\t\t\t\t<span class=\"elementor-button-content-wrapper\">\n\t\t\t\t\t\t\t\t\t<span class=\"elementor-button-text\">CONTACTAR AHORA<\/span>\n\t\t\t\t\t<\/span>\n\t\t\t\t\t<\/a>\n\t\t\t\t<\/div>\n\t\t\t\t\t\t\t\t<\/div>\n\t\t\t\t<\/div>\n\t\t\t\t<div class=\"elementor-element elementor-element-6c23d7d5 elementor-widget__width-initial elementor-widget elementor-widget-text-editor\" data-id=\"6c23d7d5\" data-element_type=\"widget\" data-widget_type=\"text-editor.default\">\n\t\t\t\t<div class=\"elementor-widget-container\">\n\t\t\t\t\t\t\t\t\t<div style=\"padding: 2em;\">\n<p><\/p>\n<p style=\"font-size: 36px; line-height: 1.2;\"><strong style=\"font-family: var( --e-global-typography-text-font-family ), Sans-serif; text-align: var(--text-align);\">Abre el camino para la dinamizaci\u00f3n de tus campa\u00f1as<\/strong><\/p>\n<\/div>\n<div style=\"padding: 2em;\">\n<h4>Mejora la captaci\u00f3n de tus campa\u00f1as publicitarias<\/h4>\n<p>con <b>eventos interactivos de QR<\/b> Hunters, una plataforma que te permite conectar m\u00e1s eficazmente con tu audiencia y <span style=\"text-decoration: underline;\">maximizar el impacto de tu estrategia<\/span>.<\/p>\n<p><\/p>\n<\/div>\n<p><!-- \/wp:group --><\/p>\n<p><!-- \/wp:media-text --><\/p>\n<p><!-- wp:paragraph --><\/p>\n<p><!-- \/wp:paragraph --><\/p>\t\t\t\t\t\t\t\t<\/div>\n\t\t\t\t<\/div>\n\t\t\t\t<\/div>\n\t\t\t\t<div class=\"elementor-element elementor-element-6e3aafa elementor-widget elementor-widget-image\" data-id=\"6e3aafa\" data-element_type=\"widget\" data-widget_type=\"image.default\">\n\t\t\t\t<div class=\"elementor-widget-container\">\n\t\t\t\t\t\t\t\t\t\t\t\t\t\t\t<img decoding=\"async\" width=\"800\" height=\"800\" src=\"https:\/\/qrhunters.com\/wp-content\/uploads\/2024\/11\/qr-hunters-qr-campaing-with-people-trying-to-catc-1.jpg\" class=\"attachment-large size-large wp-image-15\" alt=\"Eventos QR\" srcset=\"https:\/\/qrhunters.com\/wp-content\/uploads\/2024\/11\/qr-hunters-qr-campaing-with-people-trying-to-catc-1.jpg 1024w, https:\/\/qrhunters.com\/wp-content\/uploads\/2024\/11\/qr-hunters-qr-campaing-with-people-trying-to-catc-1-300x300.jpg 300w, https:\/\/qrhunters.com\/wp-content\/uploads\/2024\/11\/qr-hunters-qr-campaing-with-people-trying-to-catc-1-150x150.jpg 150w, https:\/\/qrhunters.com\/wp-content\/uploads\/2024\/11\/qr-hunters-qr-campaing-with-people-trying-to-catc-1-768x768.jpg 768w\" sizes=\"(max-width: 800px) 100vw, 800px\" \/>\t\t\t\t\t\t\t\t\t\t\t\t\t\t\t<\/div>\n\t\t\t\t<\/div>\n\t\t\t\t\t<\/div>\n\t\t\t\t<\/div>\n\t\t<div class=\"elementor-element elementor-element-eeb24fd e-flex e-con-boxed e-con e-parent\" data-id=\"eeb24fd\" data-element_type=\"container\" id=\"form\" data-settings=\"{&quot;background_background&quot;:&quot;classic&quot;}\">\n\t\t\t\t\t<div class=\"e-con-inner\">\n\t\t\t\t<div class=\"elementor-element elementor-element-0417523 elementor-widget elementor-widget-heading\" data-id=\"0417523\" data-element_type=\"widget\" data-widget_type=\"heading.default\">\n\t\t\t\t<div class=\"elementor-widget-container\">\n\t\t\t\t\t<h2 class=\"elementor-heading-title elementor-size-default\">Cu\u00e9ntanos tu proyecto<\/h2>\t\t\t\t<\/div>\n\t\t\t\t<\/div>\n\t\t\t\t<div class=\"elementor-element elementor-element-3b13801 elementor-widget elementor-widget-shortcode\" data-id=\"3b13801\" data-element_type=\"widget\" data-widget_type=\"shortcode.default\">\n\t\t\t\t<div class=\"elementor-widget-container\">\n\t\t\t\t\t\t\t<div class=\"elementor-shortcode\">\n<div class=\"wpcf7 no-js\" id=\"wpcf7-f26-o1\" lang=\"es-ES\" dir=\"ltr\" data-wpcf7-id=\"26\">\n<div class=\"screen-reader-response\"><p role=\"status\" aria-live=\"polite\" aria-atomic=\"true\"><\/p> <ul><\/ul><\/div>\n<form action=\"\/index.php?rest_route=%2Fwp%2Fv2%2Fpages%2F2#wpcf7-f26-o1\" method=\"post\" class=\"wpcf7-form init\" aria-label=\"Formulario de contacto\" novalidate=\"novalidate\" data-status=\"init\">\n<fieldset class=\"hidden-fields-container\"><input type=\"hidden\" name=\"_wpcf7\" value=\"26\" \/><input type=\"hidden\" name=\"_wpcf7_version\" value=\"6.1.4\" \/><input type=\"hidden\" name=\"_wpcf7_locale\" value=\"es_ES\" \/><input type=\"hidden\" name=\"_wpcf7_unit_tag\" value=\"wpcf7-f26-o1\" \/><input type=\"hidden\" name=\"_wpcf7_container_post\" value=\"0\" \/><input type=\"hidden\" name=\"_wpcf7_posted_data_hash\" value=\"\" \/><input type=\"hidden\" name=\"_wpcf7_recaptcha_response\" value=\"\" \/>\n<\/fieldset>\n<p><label> Nombre *<br \/>\n<span class=\"wpcf7-form-control-wrap\" data-name=\"your-name\"><input size=\"40\" maxlength=\"400\" class=\"wpcf7-form-control wpcf7-text wpcf7-validates-as-required\" autocomplete=\"name\" aria-required=\"true\" aria-invalid=\"false\" value=\"\" type=\"text\" name=\"your-name\" \/><\/span> <\/label>\n<\/p>\n<p><label> Correo electr\u00f3nico *<br \/>\n<span class=\"wpcf7-form-control-wrap\" data-name=\"your-email\"><input size=\"40\" maxlength=\"400\" class=\"wpcf7-form-control wpcf7-email wpcf7-validates-as-required wpcf7-text wpcf7-validates-as-email\" autocomplete=\"email\" aria-required=\"true\" aria-invalid=\"false\" value=\"\" type=\"email\" name=\"your-email\" \/><\/span> <\/label>\n<\/p>\n<p><label> Tel\u00e9fono (opcional)<br \/>\n<span class=\"wpcf7-form-control-wrap\" data-name=\"tel\"><input size=\"40\" maxlength=\"400\" class=\"wpcf7-form-control wpcf7-tel wpcf7-text wpcf7-validates-as-tel\" aria-invalid=\"false\" value=\"\" type=\"tel\" name=\"tel\" \/><\/span><br \/>\n<\/label>\n<\/p>\n<p><label> Mensaje (opcional)<br \/>\n<span class=\"wpcf7-form-control-wrap\" data-name=\"your-message\"><textarea cols=\"40\" rows=\"10\" maxlength=\"2000\" class=\"wpcf7-form-control wpcf7-textarea\" aria-invalid=\"false\" name=\"your-message\"><\/textarea><\/span> <\/label>\n<\/p>\n<p><input class=\"wpcf7-form-control wpcf7-submit has-spinner\" type=\"submit\" value=\"Enviar\" \/>\n<\/p><div class=\"wpcf7-response-output\" aria-hidden=\"true\"><\/div>\n<\/form>\n<\/div>\n<\/div>\n\t\t\t\t\t\t<\/div>\n\t\t\t\t<\/div>\n\t\t\t\t\t<\/div>\n\t\t\t\t<\/div>\n\t\t<div class=\"elementor-element elementor-element-3125f6a e-flex e-con-boxed e-con e-parent\" data-id=\"3125f6a\" data-element_type=\"container\">\n\t\t\t\t\t<div class=\"e-con-inner\">\n\t\t<div class=\"elementor-element elementor-element-2cbcae3 e-con-full e-flex e-con e-child\" data-id=\"2cbcae3\" data-element_type=\"container\">\n\t\t\t\t<\/div>\n\t\t<div class=\"elementor-element elementor-element-a77728c e-con-full e-flex e-con e-child\" data-id=\"a77728c\" data-element_type=\"container\">\n\t\t\t\t<\/div>\n\t\t\t\t\t<\/div>\n\t\t\t\t<\/div>\n\t\t<div class=\"elementor-element elementor-element-57d47dc e-flex e-con-boxed e-con e-parent\" data-id=\"57d47dc\" data-element_type=\"container\">\n\t\t\t\t\t<div class=\"e-con-inner\">\n\t\t\t\t\t<\/div>\n\t\t\t\t<\/div>\n\t\t\t\t<\/div>\n\t\t","protected":false},"excerpt":{"rendered":"<p>Convierte cada escaneo en una oportunidad para tu negocio \ud83d\udcf2 \ud83d\udce2 \u00bfQuieres atraer m\u00e1s clientes y generar interacci\u00f3n real en tu evento o centro comercial? En QRHunters, transformamos simples c\u00f3digos QR en experiencias interactivas que aumentan el engagement, generan tr\u00e1fico y captan datos valiosos. Si buscas una forma creativa y medible de conectar con tu [&hellip;]<\/p>\n","protected":false},"author":1,"featured_media":0,"parent":0,"menu_order":0,"comment_status":"closed","ping_status":"closed","template":"","meta":{"footnotes":""},"class_list":["post-2","page","type-page","status-publish","hentry"],"_links":{"self":[{"href":"https:\/\/qrhunters.com\/index.php?rest_route=\/wp\/v2\/pages\/2","targetHints":{"allow":["GET"]}}],"collection":[{"href":"https:\/\/qrhunters.com\/index.php?rest_route=\/wp\/v2\/pages"}],"about":[{"href":"https:\/\/qrhunters.com\/index.php?rest_route=\/wp\/v2\/types\/page"}],"author":[{"embeddable":true,"href":"https:\/\/qrhunters.com\/index.php?rest_route=\/wp\/v2\/users\/1"}],"replies":[{"embeddable":true,"href":"https:\/\/qrhunters.com\/index.php?rest_route=%2Fwp%2Fv2%2Fcomments&post=2"}],"version-history":[{"count":185,"href":"https:\/\/qrhunters.com\/index.php?rest_route=\/wp\/v2\/pages\/2\/revisions"}],"predecessor-version":[{"id":222,"href":"https:\/\/qrhunters.com\/index.php?rest_route=\/wp\/v2\/pages\/2\/revisions\/222"}],"wp:attachment":[{"href":"https:\/\/qrhunters.com\/index.php?rest_route=%2Fwp%2Fv2%2Fmedia&parent=2"}],"curies":[{"name":"wp","href":"https:\/\/api.w.org\/{rel}","templated":true}]}}